{"id":1077,"date":"2020-03-03T16:40:46","date_gmt":"2020-03-03T14:40:46","guid":{"rendered":"http:\/\/grbaltik.ee\/?post_type=product&#038;p=1077"},"modified":"2025-05-28T15:17:38","modified_gmt":"2025-05-28T12:17:38","slug":"facett-peeglid","status":"publish","type":"product","link":"https:\/\/grbaltik.ee\/fi\/toode\/facett-peeglid\/","title":{"rendered":"Viistetyt peilit"},"content":{"rendered":"","protected":false},"excerpt":{"rendered":"<p>Fasetoidut peilit &#8211; tyylik\u00e4s sisustuselementti huoneen sisustuksessa! Viisteytys on menetelm\u00e4, jossa peilin reunaa k\u00e4sitell\u00e4\u00e4n siten, ett\u00e4 etureuna leikataan tiettyyn kulmaan. &#8230; Fasetoidun peilin reuna heijastaa auringons\u00e4teit\u00e4 ja luo alkuper\u00e4isi\u00e4 visuaalisia tehosteita.<\/p>\n","protected":false},"featured_media":1078,"comment_status":"closed","ping_status":"closed","template":"","meta":[],"product_cat":[41],"product_tag":[],"_links":{"self":[{"href":"https:\/\/grbaltik.ee\/fi\/wp-json\/wp\/v2\/product\/1077"}],"collection":[{"href":"https:\/\/grbaltik.ee\/fi\/wp-json\/wp\/v2\/product"}],"about":[{"href":"https:\/\/grbaltik.ee\/fi\/wp-json\/wp\/v2\/types\/product"}],"replies":[{"embeddable":true,"href":"https:\/\/grbaltik.ee\/fi\/wp-json\/wp\/v2\/comments?post=1077"}],"wp:featuredmedia":[{"embeddable":true,"href":"https:\/\/grbaltik.ee\/fi\/wp-json\/wp\/v2\/media\/1078"}],"wp:attachment":[{"href":"https:\/\/grbaltik.ee\/fi\/wp-json\/wp\/v2\/media?parent=1077"}],"wp:term":[{"taxonomy":"product_cat","embeddable":true,"href":"https:\/\/grbaltik.ee\/fi\/wp-json\/wp\/v2\/product_cat?post=1077"},{"taxonomy":"product_tag","embeddable":true,"href":"https:\/\/grbaltik.ee\/fi\/wp-json\/wp\/v2\/product_tag?post=1077"}],"curies":[{"name":"wp","href":"https:\/\/api.w.org\/{rel}","templated":true}]}}